{"id":4646,"date":"2025-05-22T16:19:47","date_gmt":"2025-05-22T15:19:47","guid":{"rendered":"https:\/\/www.autoskup-zorex.pl\/?post_type=product&#038;p=4646"},"modified":"2025-05-22T16:19:47","modified_gmt":"2025-05-22T15:19:47","slug":"renault-trafic-grand-passenger","status":"publish","type":"product","link":"https:\/\/www.autoskup-zorex.pl\/index.php\/produkt\/renault-trafic-grand-passenger\/","title":{"rendered":"Renault Trafic Grand Passenger"},"content":{"rendered":"<p>Napisz do nas!<\/p>\n<div class=\"wpforms-container \" id=\"wpforms-1817\"><form id=\"wpforms-form-1817\" class=\"wpforms-validate wpforms-form\" data-formid=\"1817\" method=\"post\" enctype=\"multipart\/form-data\" action=\"\/index.php\/wp-json\/wp\/v2\/product\/4646\" data-token=\"4aa093cde9ef97ae8cc8dfe8b6f451dd\"><noscript class=\"wpforms-error-noscript\">Please enable JavaScript in your browser to complete this form.<\/noscript><div class=\"wpforms-field-container\"><div id=\"wpforms-1817-field_0-container\" class=\"wpforms-field wpforms-field-name\" data-field-id=\"0\"><label class=\"wpforms-field-label wpforms-label-hide\" for=\"wpforms-1817-field_0\">Imi\u0119 i nazwisko<\/label><input type=\"text\" id=\"wpforms-1817-field_0\" class=\"wpforms-field-large\" name=\"wpforms[fields][0]\" placeholder=\"Imi\u0119 i nazwisko...\" ><\/div><div id=\"wpforms-1817-field_1-container\" class=\"wpforms-field wpforms-field-email\" data-field-id=\"1\"><label class=\"wpforms-field-label wpforms-label-hide\" for=\"wpforms-1817-field_1\">Email <span class=\"wpforms-required-label\">*<\/span><\/label><input type=\"email\" id=\"wpforms-1817-field_1\" class=\"wpforms-field-large wpforms-field-required\" name=\"wpforms[fields][1]\" placeholder=\"E-mail...\" required><\/div><div id=\"wpforms-1817-field_3-container\" class=\"wpforms-field wpforms-field-text\" data-field-id=\"3\"><label class=\"wpforms-field-label wpforms-label-hide\" for=\"wpforms-1817-field_3\">Numer telefonu<\/label><input type=\"text\" id=\"wpforms-1817-field_3\" class=\"wpforms-field-large\" name=\"wpforms[fields][3]\" placeholder=\"Numer telefonu...\" ><\/div><div id=\"wpforms-1817-field_2-container\" class=\"wpforms-field wpforms-field-textarea\" data-field-id=\"2\"><label class=\"wpforms-field-label wpforms-label-hide\" for=\"wpforms-1817-field_2\">Wiadomo\u015b\u0107 <span class=\"wpforms-required-label\">*<\/span><\/label><textarea id=\"wpforms-1817-field_2\" class=\"wpforms-field-medium wpforms-field-required\" name=\"wpforms[fields][2]\" placeholder=\"Wiadomo\u015b\u0107...\" required><\/textarea><\/div><\/div><div class=\"wpforms-field wpforms-field-hp\"><label for=\"wpforms-1817-field-hp\" class=\"wpforms-field-label\">Message<\/label><input type=\"text\" name=\"wpforms[hp]\" id=\"wpforms-1817-field-hp\" class=\"wpforms-field-medium\"><\/div><div class=\"wpforms-submit-container\"><input type=\"hidden\" name=\"wpforms[id]\" value=\"1817\"><input type=\"hidden\" name=\"wpforms[author]\" value=\"1\"><button type=\"submit\" name=\"wpforms[submit]\" id=\"wpforms-submit-1817\" class=\"wpforms-submit\" data-alt-text=\"Wysy\u0142anie...\" data-submit-text=\"Wy\u015blij\" aria-live=\"assertive\" value=\"wpforms-submit\">Wy\u015blij<\/button><\/div><\/form><\/div>  <!-- .wpforms-container -->\n","protected":false},"excerpt":{"rendered":"<p>Do sprzedania<\/p>\n<p>Renault Trafic<br \/>\nRok prod 2018<br \/>\nSilnik 1,6 diesel 125KM<\/p>\n<p>Wyposa\u017cenie:<br \/>\n&#8211; Interfejs Bluetooth<br \/>\n&#8211; Radio<br \/>\n&#8211; Gniazdo USB<br \/>\n&#8211; Klimatyzacja manualna<br \/>\n&#8211; Tapicerka materia\u0142owa<br \/>\n&#8211; Klimatyzacja dla pasa\u017cer\u00f3w z ty\u0142u<br \/>\n&#8211; Elektryczne szyby przednie<br \/>\n&#8211; \u015awiat\u0142a do jazdy dziennej<br \/>\n&#8211; ABS<br \/>\n&#8211; ESP<br \/>\n&#8211; Poduszka powietrzna kierowcy<br \/>\n&#8211; Poduszka powietrzna pasa\u017cera<\/p>\n<p>Zapraszam na ogl\u0119dziny i jazd\u0119 pr\u00f3bn\u0105<br \/>\nMo\u017cliwe pozostawienie w\u0142asnego pojazdu w rozliczeniu<br \/>\nKupuj\u0105cy zwolniony z op\u0142aty PCC<br \/>\nCena 42900 brutto z faktur\u0105 VAT 23%<\/p>\n<p>Mo\u017cliwy kredyt samochodowy na dogodnych warunkach<br \/>\nDo 100tys na samo o\u015bwiadczenie ! Bez przedstawiania dokument\u00f3w dochodowych!<br \/>\nSzybka analiza wniosku<br \/>\nWysoka przyznawalno\u015b\u0107<br \/>\nBezpo\u015bredni kontakt do Doradcy Kredytowego<br \/>\nTel. 793554970<\/p>\n<p>Samoch\u00f3d mo\u017cna zobaczy\u0107 pod adresem:<br \/>\n41-711 Ruda \u015al\u0105ska<br \/>\nul. Edmunda Kokota 262<\/p>\n<p>Przed przyjazdem prosz\u0119 o kontakt telefoniczny<br \/>\nTel. <a class=\"ooa-1n54xbu es3apk71\" href=\"tel:604129478\" data-testid=\"phone-call\">604 129 478<\/a><\/p>\n","protected":false},"featured_media":4656,"template":"","meta":{"_regular_price":["42900"],"currency_symbol":[],"site-sidebar-layout":"default","site-content-layout":"default","ast-main-header-display":"","ast-hfb-above-header-display":"","ast-hfb-below-header-display":"","ast-hfb-mobile-header-display":"","site-post-title":"","ast-breadcrumbs-content":"","ast-featured-img":"","footer-sml-layout":"","theme-transparent-header-meta":"","adv-header-id-meta":"","stick-header-meta":"","header-above-stick-meta":"","header-main-stick-meta":"","header-below-stick-meta":"","spay_email":""},"product_cat":[94],"product_tag":[],"post_slider_layout_featured_media_urls":{"thumbnail":["https:\/\/www.autoskup-zorex.pl\/wp-content\/uploads\/2025\/05\/IMG-20250522-WA0006-1-150x150.jpg",150,150,true],"post_slider_layout_landscape_large":["https:\/\/www.autoskup-zorex.pl\/wp-content\/uploads\/2025\/05\/IMG-20250522-WA0006-1-1200x800.jpg",1200,800,true],"post_slider_layout_portrait_large":["https:\/\/www.autoskup-zorex.pl\/wp-content\/uploads\/2025\/05\/IMG-20250522-WA0006-1-1200x1500.jpg",1200,1500,true],"post_slider_layout_square_large":["https:\/\/www.autoskup-zorex.pl\/wp-content\/uploads\/2025\/05\/IMG-20250522-WA0006-1-1200x1200.jpg",1200,1200,true],"post_slider_layout_landscape":["https:\/\/www.autoskup-zorex.pl\/wp-content\/uploads\/2025\/05\/IMG-20250522-WA0006-1-600x400.jpg",600,400,true],"post_slider_layout_portrait":["https:\/\/www.autoskup-zorex.pl\/wp-content\/uploads\/2025\/05\/IMG-20250522-WA0006-1-600x900.jpg",600,900,true],"post_slider_layout_square":["https:\/\/www.autoskup-zorex.pl\/wp-content\/uploads\/2025\/05\/IMG-20250522-WA0006-1-600x600.jpg",600,600,true],"full":["https:\/\/www.autoskup-zorex.pl\/wp-content\/uploads\/2025\/05\/IMG-20250522-WA0006-1.jpg",2000,1500,false]},"yoast_head":"<!-- This site is optimized with the Yoast SEO plugin v17.8 - https:\/\/yoast.com\/wordpress\/plugins\/seo\/ -->\n<title>Renault Trafic Grand Passenger - autoskup-zorex<\/title>\n<meta name=\"robots\" content=\"index, follow, max-snippet:-1, max-image-preview:large, max-video-preview:-1\" \/>\n<link rel=\"canonical\" href=\"https:\/\/www.autoskup-zorex.pl\/index.php\/produkt\/renault-trafic-grand-passenger\/\" \/>\n<meta property=\"og:locale\" content=\"pl_PL\" \/>\n<meta property=\"og:type\" content=\"article\" \/>\n<meta property=\"og:title\" content=\"Renault Trafic Grand Passenger - autoskup-zorex\" \/>\n<meta property=\"og:description\" content=\"Do sprzedania  Renault Trafic Rok prod 2018 Silnik 1,6 diesel 125KM  Wyposa\u017cenie: - Interfejs Bluetooth - Radio - Gniazdo USB - Klimatyzacja manualna - Tapicerka materia\u0142owa - Klimatyzacja dla pasa\u017cer\u00f3w z ty\u0142u - Elektryczne szyby przednie - \u015awiat\u0142a do jazdy dziennej - ABS - ESP - Poduszka powietrzna kierowcy - Poduszka powietrzna pasa\u017cera  Zapraszam na ogl\u0119dziny i jazd\u0119 pr\u00f3bn\u0105 Mo\u017cliwe pozostawienie w\u0142asnego pojazdu w rozliczeniu Kupuj\u0105cy zwolniony z op\u0142aty PCC Cena 42900 brutto z faktur\u0105 VAT 23%  Mo\u017cliwy kredyt samochodowy na dogodnych warunkach Do 100tys na samo o\u015bwiadczenie ! Bez przedstawiania dokument\u00f3w dochodowych! Szybka analiza wniosku Wysoka przyznawalno\u015b\u0107 Bezpo\u015bredni kontakt do Doradcy Kredytowego Tel. 793554970  Samoch\u00f3d mo\u017cna zobaczy\u0107 pod adresem: 41-711 Ruda \u015al\u0105ska ul. Edmunda Kokota 262  Przed przyjazdem prosz\u0119 o kontakt telefoniczny Tel. 604 129 478\" \/>\n<meta property=\"og:url\" content=\"https:\/\/www.autoskup-zorex.pl\/index.php\/produkt\/renault-trafic-grand-passenger\/\" \/>\n<meta property=\"og:site_name\" content=\"autoskup-zorex\" \/>\n<meta property=\"og:image\" content=\"https:\/\/www.autoskup-zorex.pl\/wp-content\/uploads\/2025\/05\/IMG-20250522-WA0006-1.jpg\" \/>\n\t<meta property=\"og:image:width\" content=\"2000\" \/>\n\t<meta property=\"og:image:height\" content=\"1500\" \/>\n<meta name=\"twitter:card\" content=\"summary_large_image\" \/>\n<script type=\"application\/ld+json\" class=\"yoast-schema-graph\">{\"@context\":\"https:\/\/schema.org\",\"@graph\":[{\"@type\":\"WebSite\",\"@id\":\"https:\/\/www.autoskup-zorex.pl\/#website\",\"url\":\"https:\/\/www.autoskup-zorex.pl\/\",\"name\":\"autoskup-zorex\",\"description\":\"Skup samochod\\u00f3w za got\\u00f3wk\\u0119. Odkupimy auta ka\\u017cdej marki za atrakcyjn\\u0105 cen\\u0119.\",\"potentialAction\":[{\"@type\":\"SearchAction\",\"target\":{\"@type\":\"EntryPoint\",\"urlTemplate\":\"https:\/\/www.autoskup-zorex.pl\/?s={search_term_string}\"},\"query-input\":\"required name=search_term_string\"}],\"inLanguage\":\"pl-PL\"},{\"@type\":\"ImageObject\",\"@id\":\"https:\/\/www.autoskup-zorex.pl\/index.php\/produkt\/renault-trafic-grand-passenger\/#primaryimage\",\"inLanguage\":\"pl-PL\",\"url\":\"https:\/\/www.autoskup-zorex.pl\/wp-content\/uploads\/2025\/05\/IMG-20250522-WA0006-1.jpg\",\"contentUrl\":\"https:\/\/www.autoskup-zorex.pl\/wp-content\/uploads\/2025\/05\/IMG-20250522-WA0006-1.jpg\",\"width\":2000,\"height\":1500},{\"@type\":\"WebPage\",\"@id\":\"https:\/\/www.autoskup-zorex.pl\/index.php\/produkt\/renault-trafic-grand-passenger\/#webpage\",\"url\":\"https:\/\/www.autoskup-zorex.pl\/index.php\/produkt\/renault-trafic-grand-passenger\/\",\"name\":\"Renault Trafic Grand Passenger - autoskup-zorex\",\"isPartOf\":{\"@id\":\"https:\/\/www.autoskup-zorex.pl\/#website\"},\"primaryImageOfPage\":{\"@id\":\"https:\/\/www.autoskup-zorex.pl\/index.php\/produkt\/renault-trafic-grand-passenger\/#primaryimage\"},\"datePublished\":\"2025-05-22T15:19:47+00:00\",\"dateModified\":\"2025-05-22T15:19:47+00:00\",\"breadcrumb\":{\"@id\":\"https:\/\/www.autoskup-zorex.pl\/index.php\/produkt\/renault-trafic-grand-passenger\/#breadcrumb\"},\"inLanguage\":\"pl-PL\",\"potentialAction\":[{\"@type\":\"ReadAction\",\"target\":[\"https:\/\/www.autoskup-zorex.pl\/index.php\/produkt\/renault-trafic-grand-passenger\/\"]}]},{\"@type\":\"BreadcrumbList\",\"@id\":\"https:\/\/www.autoskup-zorex.pl\/index.php\/produkt\/renault-trafic-grand-passenger\/#breadcrumb\",\"itemListElement\":[{\"@type\":\"ListItem\",\"position\":1,\"name\":\"Home\",\"item\":\"https:\/\/www.autoskup-zorex.pl\/\"},{\"@type\":\"ListItem\",\"position\":2,\"name\":\"Sprzeda\\u017c pojazd\\u00f3w\",\"item\":\"https:\/\/www.autoskup-zorex.pl\/index.php\/sprzedaz-pojazdow\/\"},{\"@type\":\"ListItem\",\"position\":3,\"name\":\"Renault Trafic Grand Passenger\"}]}]}<\/script>\n<!-- \/ Yoast SEO plugin. -->","yoast_head_json":{"title":"Renault Trafic Grand Passenger - autoskup-zorex","robots":{"index":"index","follow":"follow","max-snippet":"max-snippet:-1","max-image-preview":"max-image-preview:large","max-video-preview":"max-video-preview:-1"},"canonical":"https:\/\/www.autoskup-zorex.pl\/index.php\/produkt\/renault-trafic-grand-passenger\/","og_locale":"pl_PL","og_type":"article","og_title":"Renault Trafic Grand Passenger - autoskup-zorex","og_description":"Do sprzedania  Renault Trafic Rok prod 2018 Silnik 1,6 diesel 125KM  Wyposa\u017cenie: - Interfejs Bluetooth - Radio - Gniazdo USB - Klimatyzacja manualna - Tapicerka materia\u0142owa - Klimatyzacja dla pasa\u017cer\u00f3w z ty\u0142u - Elektryczne szyby przednie - \u015awiat\u0142a do jazdy dziennej - ABS - ESP - Poduszka powietrzna kierowcy - Poduszka powietrzna pasa\u017cera  Zapraszam na ogl\u0119dziny i jazd\u0119 pr\u00f3bn\u0105 Mo\u017cliwe pozostawienie w\u0142asnego pojazdu w rozliczeniu Kupuj\u0105cy zwolniony z op\u0142aty PCC Cena 42900 brutto z faktur\u0105 VAT 23%  Mo\u017cliwy kredyt samochodowy na dogodnych warunkach Do 100tys na samo o\u015bwiadczenie ! Bez przedstawiania dokument\u00f3w dochodowych! Szybka analiza wniosku Wysoka przyznawalno\u015b\u0107 Bezpo\u015bredni kontakt do Doradcy Kredytowego Tel. 793554970  Samoch\u00f3d mo\u017cna zobaczy\u0107 pod adresem: 41-711 Ruda \u015al\u0105ska ul. Edmunda Kokota 262  Przed przyjazdem prosz\u0119 o kontakt telefoniczny Tel. 604 129 478","og_url":"https:\/\/www.autoskup-zorex.pl\/index.php\/produkt\/renault-trafic-grand-passenger\/","og_site_name":"autoskup-zorex","og_image":[{"width":2000,"height":1500,"url":"https:\/\/www.autoskup-zorex.pl\/wp-content\/uploads\/2025\/05\/IMG-20250522-WA0006-1.jpg","type":"image\/jpeg"}],"twitter_card":"summary_large_image","schema":{"@context":"https:\/\/schema.org","@graph":[{"@type":"WebSite","@id":"https:\/\/www.autoskup-zorex.pl\/#website","url":"https:\/\/www.autoskup-zorex.pl\/","name":"autoskup-zorex","description":"Skup samochod\u00f3w za got\u00f3wk\u0119. Odkupimy auta ka\u017cdej marki za atrakcyjn\u0105 cen\u0119.","potentialAction":[{"@type":"SearchAction","target":{"@type":"EntryPoint","urlTemplate":"https:\/\/www.autoskup-zorex.pl\/?s={search_term_string}"},"query-input":"required name=search_term_string"}],"inLanguage":"pl-PL"},{"@type":"ImageObject","@id":"https:\/\/www.autoskup-zorex.pl\/index.php\/produkt\/renault-trafic-grand-passenger\/#primaryimage","inLanguage":"pl-PL","url":"https:\/\/www.autoskup-zorex.pl\/wp-content\/uploads\/2025\/05\/IMG-20250522-WA0006-1.jpg","contentUrl":"https:\/\/www.autoskup-zorex.pl\/wp-content\/uploads\/2025\/05\/IMG-20250522-WA0006-1.jpg","width":2000,"height":1500},{"@type":"WebPage","@id":"https:\/\/www.autoskup-zorex.pl\/index.php\/produkt\/renault-trafic-grand-passenger\/#webpage","url":"https:\/\/www.autoskup-zorex.pl\/index.php\/produkt\/renault-trafic-grand-passenger\/","name":"Renault Trafic Grand Passenger - autoskup-zorex","isPartOf":{"@id":"https:\/\/www.autoskup-zorex.pl\/#website"},"primaryImageOfPage":{"@id":"https:\/\/www.autoskup-zorex.pl\/index.php\/produkt\/renault-trafic-grand-passenger\/#primaryimage"},"datePublished":"2025-05-22T15:19:47+00:00","dateModified":"2025-05-22T15:19:47+00:00","breadcrumb":{"@id":"https:\/\/www.autoskup-zorex.pl\/index.php\/produkt\/renault-trafic-grand-passenger\/#breadcrumb"},"inLanguage":"pl-PL","potentialAction":[{"@type":"ReadAction","target":["https:\/\/www.autoskup-zorex.pl\/index.php\/produkt\/renault-trafic-grand-passenger\/"]}]},{"@type":"BreadcrumbList","@id":"https:\/\/www.autoskup-zorex.pl\/index.php\/produkt\/renault-trafic-grand-passenger\/#breadcrumb","itemListElement":[{"@type":"ListItem","position":1,"name":"Home","item":"https:\/\/www.autoskup-zorex.pl\/"},{"@type":"ListItem","position":2,"name":"Sprzeda\u017c pojazd\u00f3w","item":"https:\/\/www.autoskup-zorex.pl\/index.php\/sprzedaz-pojazdow\/"},{"@type":"ListItem","position":3,"name":"Renault Trafic Grand Passenger"}]}]}},"_links":{"self":[{"href":"https:\/\/www.autoskup-zorex.pl\/index.php\/wp-json\/wp\/v2\/product\/4646"}],"collection":[{"href":"https:\/\/www.autoskup-zorex.pl\/index.php\/wp-json\/wp\/v2\/product"}],"about":[{"href":"https:\/\/www.autoskup-zorex.pl\/index.php\/wp-json\/wp\/v2\/types\/product"}],"wp:featuredmedia":[{"embeddable":true,"href":"https:\/\/www.autoskup-zorex.pl\/index.php\/wp-json\/wp\/v2\/media\/4656"}],"wp:attachment":[{"href":"https:\/\/www.autoskup-zorex.pl\/index.php\/wp-json\/wp\/v2\/media?parent=4646"}],"wp:term":[{"taxonomy":"product_cat","embeddable":true,"href":"https:\/\/www.autoskup-zorex.pl\/index.php\/wp-json\/wp\/v2\/product_cat?post=4646"},{"taxonomy":"product_tag","embeddable":true,"href":"https:\/\/www.autoskup-zorex.pl\/index.php\/wp-json\/wp\/v2\/product_tag?post=4646"}],"curies":[{"name":"wp","href":"https:\/\/api.w.org\/{rel}","templated":true}]}}