{"id":4193,"date":"2025-03-10T12:38:20","date_gmt":"2025-03-10T11:38:20","guid":{"rendered":"https:\/\/www.autoskup-zorex.pl\/?post_type=product&#038;p=4193"},"modified":"2025-03-18T08:33:27","modified_gmt":"2025-03-18T07:33:27","slug":"volkswagen-passat","status":"publish","type":"product","link":"https:\/\/www.autoskup-zorex.pl\/index.php\/produkt\/volkswagen-passat\/","title":{"rendered":"Volkswagen Passat"},"content":{"rendered":"<p>Napisz do nas!<\/p>\n<div class=\"wpforms-container \" id=\"wpforms-1817\"><form id=\"wpforms-form-1817\" class=\"wpforms-validate wpforms-form\" data-formid=\"1817\" method=\"post\" enctype=\"multipart\/form-data\" action=\"\/index.php\/wp-json\/wp\/v2\/product\/4193\" data-token=\"4aa093cde9ef97ae8cc8dfe8b6f451dd\"><noscript class=\"wpforms-error-noscript\">Please enable JavaScript in your browser to complete this form.<\/noscript><div class=\"wpforms-field-container\"><div id=\"wpforms-1817-field_0-container\" class=\"wpforms-field wpforms-field-name\" data-field-id=\"0\"><label class=\"wpforms-field-label wpforms-label-hide\" for=\"wpforms-1817-field_0\">Imi\u0119 i nazwisko<\/label><input type=\"text\" id=\"wpforms-1817-field_0\" class=\"wpforms-field-large\" name=\"wpforms[fields][0]\" placeholder=\"Imi\u0119 i nazwisko...\" ><\/div><div id=\"wpforms-1817-field_1-container\" class=\"wpforms-field wpforms-field-email\" data-field-id=\"1\"><label class=\"wpforms-field-label wpforms-label-hide\" for=\"wpforms-1817-field_1\">Email <span class=\"wpforms-required-label\">*<\/span><\/label><input type=\"email\" id=\"wpforms-1817-field_1\" class=\"wpforms-field-large wpforms-field-required\" name=\"wpforms[fields][1]\" placeholder=\"E-mail...\" required><\/div><div id=\"wpforms-1817-field_3-container\" class=\"wpforms-field wpforms-field-text\" data-field-id=\"3\"><label class=\"wpforms-field-label wpforms-label-hide\" for=\"wpforms-1817-field_3\">Numer telefonu<\/label><input type=\"text\" id=\"wpforms-1817-field_3\" class=\"wpforms-field-large\" name=\"wpforms[fields][3]\" placeholder=\"Numer telefonu...\" ><\/div><div id=\"wpforms-1817-field_2-container\" class=\"wpforms-field wpforms-field-textarea\" data-field-id=\"2\"><label class=\"wpforms-field-label wpforms-label-hide\" for=\"wpforms-1817-field_2\">Wiadomo\u015b\u0107 <span class=\"wpforms-required-label\">*<\/span><\/label><textarea id=\"wpforms-1817-field_2\" class=\"wpforms-field-medium wpforms-field-required\" name=\"wpforms[fields][2]\" placeholder=\"Wiadomo\u015b\u0107...\" required><\/textarea><\/div><\/div><div class=\"wpforms-field wpforms-field-hp\"><label for=\"wpforms-1817-field-hp\" class=\"wpforms-field-label\">Phone<\/label><input type=\"text\" name=\"wpforms[hp]\" id=\"wpforms-1817-field-hp\" class=\"wpforms-field-medium\"><\/div><div class=\"wpforms-submit-container\"><input type=\"hidden\" name=\"wpforms[id]\" value=\"1817\"><input type=\"hidden\" name=\"wpforms[author]\" value=\"1\"><button type=\"submit\" name=\"wpforms[submit]\" id=\"wpforms-submit-1817\" class=\"wpforms-submit\" data-alt-text=\"Wysy\u0142anie...\" data-submit-text=\"Wy\u015blij\" aria-live=\"assertive\" value=\"wpforms-submit\">Wy\u015blij<\/button><\/div><\/form><\/div>  <!-- .wpforms-container -->\n","protected":false},"excerpt":{"rendered":"<p>Do sprzedania<\/p>\n<p>Volkswagen Passat B6<br \/>\nRok prod 2008<br \/>\nSilnik 2,0 diesel 170 KM<\/p>\n<p>Zapraszam na ogl\u0119dziny i jazd\u0119 pr\u00f3bn\u0105<br \/>\nMo\u017cliwe pozostawienie w\u0142asnego pojazdu w rozliczeniu<br \/>\nKupuj\u0105cy zwolniony z op\u0142aty PCC<\/p>\n<p>Mo\u017cliwy kredyt samochodowy na dogodnych warunkach<br \/>\nDo 100tys na samo o\u015bwiadczenie! Bez przedstawiania dokument\u00f3w dochodowych!<br \/>\nSzybka analiza wniosku<br \/>\nWysoka przyznawalno\u015b\u0107<\/p>\n<p>Bezpo\u015bredni kontakt do Doradcy Kredytowego<br \/>\nTel.793 554 970<\/p>\n<p>Samoch\u00f3d mo\u017cna zobaczy\u0107 pod adresem:<br \/>\n41-711 Ruda \u015al\u0105ska<br \/>\nul. Edmunda Kokota 262<\/p>\n<p>Przed przyjazdem prosz\u0119 o kontakt telefoniczny<br \/>\nTel. <a class=\"ooa-1n54xbu es3apk71\" href=\"tel:604129478\" data-testid=\"phone-call\">604 129 478<\/a><\/p>\n","protected":false},"featured_media":4194,"template":"","meta":{"_regular_price":["7200"],"currency_symbol":[],"site-sidebar-layout":"default","site-content-layout":"default","ast-main-header-display":"","ast-hfb-above-header-display":"","ast-hfb-below-header-display":"","ast-hfb-mobile-header-display":"","site-post-title":"","ast-breadcrumbs-content":"","ast-featured-img":"","footer-sml-layout":"","theme-transparent-header-meta":"","adv-header-id-meta":"","stick-header-meta":"","header-above-stick-meta":"","header-main-stick-meta":"","header-below-stick-meta":"","spay_email":""},"product_cat":[160],"product_tag":[],"post_slider_layout_featured_media_urls":{"thumbnail":["https:\/\/www.autoskup-zorex.pl\/wp-content\/uploads\/2025\/03\/IMG-20241125-WA0009-150x150.jpg",150,150,true],"post_slider_layout_landscape_large":["https:\/\/www.autoskup-zorex.pl\/wp-content\/uploads\/2025\/03\/IMG-20241125-WA0009-1200x800.jpg",1200,800,true],"post_slider_layout_portrait_large":["https:\/\/www.autoskup-zorex.pl\/wp-content\/uploads\/2025\/03\/IMG-20241125-WA0009-1200x1500.jpg",1200,1500,true],"post_slider_layout_square_large":["https:\/\/www.autoskup-zorex.pl\/wp-content\/uploads\/2025\/03\/IMG-20241125-WA0009-1200x1200.jpg",1200,1200,true],"post_slider_layout_landscape":["https:\/\/www.autoskup-zorex.pl\/wp-content\/uploads\/2025\/03\/IMG-20241125-WA0009-600x400.jpg",600,400,true],"post_slider_layout_portrait":["https:\/\/www.autoskup-zorex.pl\/wp-content\/uploads\/2025\/03\/IMG-20241125-WA0009-600x900.jpg",600,900,true],"post_slider_layout_square":["https:\/\/www.autoskup-zorex.pl\/wp-content\/uploads\/2025\/03\/IMG-20241125-WA0009-600x600.jpg",600,600,true],"full":["https:\/\/www.autoskup-zorex.pl\/wp-content\/uploads\/2025\/03\/IMG-20241125-WA0009.jpg",2000,1500,false]},"yoast_head":"<!-- This site is optimized with the Yoast SEO plugin v17.8 - https:\/\/yoast.com\/wordpress\/plugins\/seo\/ -->\n<title>Volkswagen Passat - autoskup-zorex<\/title>\n<meta name=\"robots\" content=\"index, follow, max-snippet:-1, max-image-preview:large, max-video-preview:-1\" \/>\n<link rel=\"canonical\" href=\"https:\/\/www.autoskup-zorex.pl\/index.php\/produkt\/volkswagen-passat\/\" \/>\n<meta property=\"og:locale\" content=\"pl_PL\" \/>\n<meta property=\"og:type\" content=\"article\" \/>\n<meta property=\"og:title\" content=\"Volkswagen Passat - autoskup-zorex\" \/>\n<meta property=\"og:description\" content=\"Do sprzedania  Volkswagen Passat B6 Rok prod 2008 Silnik 2,0 diesel 170 KM  Zapraszam na ogl\u0119dziny i jazd\u0119 pr\u00f3bn\u0105 Mo\u017cliwe pozostawienie w\u0142asnego pojazdu w rozliczeniu Kupuj\u0105cy zwolniony z op\u0142aty PCC  Mo\u017cliwy kredyt samochodowy na dogodnych warunkach Do 100tys na samo o\u015bwiadczenie! Bez przedstawiania dokument\u00f3w dochodowych! Szybka analiza wniosku Wysoka przyznawalno\u015b\u0107  Bezpo\u015bredni kontakt do Doradcy Kredytowego Tel.793 554 970  Samoch\u00f3d mo\u017cna zobaczy\u0107 pod adresem: 41-711 Ruda \u015al\u0105ska ul. Edmunda Kokota 262  Przed przyjazdem prosz\u0119 o kontakt telefoniczny Tel. 604 129 478\" \/>\n<meta property=\"og:url\" content=\"https:\/\/www.autoskup-zorex.pl\/index.php\/produkt\/volkswagen-passat\/\" \/>\n<meta property=\"og:site_name\" content=\"autoskup-zorex\" \/>\n<meta property=\"article:modified_time\" content=\"2025-03-18T07:33:27+00:00\" \/>\n<meta property=\"og:image\" content=\"https:\/\/www.autoskup-zorex.pl\/wp-content\/uploads\/2025\/03\/IMG-20241125-WA0009.jpg\" \/>\n\t<meta property=\"og:image:width\" content=\"2000\" \/>\n\t<meta property=\"og:image:height\" content=\"1500\" \/>\n<meta name=\"twitter:card\" content=\"summary_large_image\" \/>\n<script type=\"application\/ld+json\" class=\"yoast-schema-graph\">{\"@context\":\"https:\/\/schema.org\",\"@graph\":[{\"@type\":\"WebSite\",\"@id\":\"https:\/\/www.autoskup-zorex.pl\/#website\",\"url\":\"https:\/\/www.autoskup-zorex.pl\/\",\"name\":\"autoskup-zorex\",\"description\":\"Skup samochod\\u00f3w za got\\u00f3wk\\u0119. Odkupimy auta ka\\u017cdej marki za atrakcyjn\\u0105 cen\\u0119.\",\"potentialAction\":[{\"@type\":\"SearchAction\",\"target\":{\"@type\":\"EntryPoint\",\"urlTemplate\":\"https:\/\/www.autoskup-zorex.pl\/?s={search_term_string}\"},\"query-input\":\"required name=search_term_string\"}],\"inLanguage\":\"pl-PL\"},{\"@type\":\"ImageObject\",\"@id\":\"https:\/\/www.autoskup-zorex.pl\/index.php\/produkt\/volkswagen-passat\/#primaryimage\",\"inLanguage\":\"pl-PL\",\"url\":\"https:\/\/www.autoskup-zorex.pl\/wp-content\/uploads\/2025\/03\/IMG-20241125-WA0009.jpg\",\"contentUrl\":\"https:\/\/www.autoskup-zorex.pl\/wp-content\/uploads\/2025\/03\/IMG-20241125-WA0009.jpg\",\"width\":2000,\"height\":1500},{\"@type\":\"WebPage\",\"@id\":\"https:\/\/www.autoskup-zorex.pl\/index.php\/produkt\/volkswagen-passat\/#webpage\",\"url\":\"https:\/\/www.autoskup-zorex.pl\/index.php\/produkt\/volkswagen-passat\/\",\"name\":\"Volkswagen Passat - autoskup-zorex\",\"isPartOf\":{\"@id\":\"https:\/\/www.autoskup-zorex.pl\/#website\"},\"primaryImageOfPage\":{\"@id\":\"https:\/\/www.autoskup-zorex.pl\/index.php\/produkt\/volkswagen-passat\/#primaryimage\"},\"datePublished\":\"2025-03-10T11:38:20+00:00\",\"dateModified\":\"2025-03-18T07:33:27+00:00\",\"breadcrumb\":{\"@id\":\"https:\/\/www.autoskup-zorex.pl\/index.php\/produkt\/volkswagen-passat\/#breadcrumb\"},\"inLanguage\":\"pl-PL\",\"potentialAction\":[{\"@type\":\"ReadAction\",\"target\":[\"https:\/\/www.autoskup-zorex.pl\/index.php\/produkt\/volkswagen-passat\/\"]}]},{\"@type\":\"BreadcrumbList\",\"@id\":\"https:\/\/www.autoskup-zorex.pl\/index.php\/produkt\/volkswagen-passat\/#breadcrumb\",\"itemListElement\":[{\"@type\":\"ListItem\",\"position\":1,\"name\":\"Home\",\"item\":\"https:\/\/www.autoskup-zorex.pl\/\"},{\"@type\":\"ListItem\",\"position\":2,\"name\":\"Sprzeda\\u017c pojazd\\u00f3w\",\"item\":\"https:\/\/www.autoskup-zorex.pl\/index.php\/sprzedaz-pojazdow\/\"},{\"@type\":\"ListItem\",\"position\":3,\"name\":\"Volkswagen Passat\"}]}]}<\/script>\n<!-- \/ Yoast SEO plugin. -->","yoast_head_json":{"title":"Volkswagen Passat - autoskup-zorex","robots":{"index":"index","follow":"follow","max-snippet":"max-snippet:-1","max-image-preview":"max-image-preview:large","max-video-preview":"max-video-preview:-1"},"canonical":"https:\/\/www.autoskup-zorex.pl\/index.php\/produkt\/volkswagen-passat\/","og_locale":"pl_PL","og_type":"article","og_title":"Volkswagen Passat - autoskup-zorex","og_description":"Do sprzedania  Volkswagen Passat B6 Rok prod 2008 Silnik 2,0 diesel 170 KM  Zapraszam na ogl\u0119dziny i jazd\u0119 pr\u00f3bn\u0105 Mo\u017cliwe pozostawienie w\u0142asnego pojazdu w rozliczeniu Kupuj\u0105cy zwolniony z op\u0142aty PCC  Mo\u017cliwy kredyt samochodowy na dogodnych warunkach Do 100tys na samo o\u015bwiadczenie! Bez przedstawiania dokument\u00f3w dochodowych! Szybka analiza wniosku Wysoka przyznawalno\u015b\u0107  Bezpo\u015bredni kontakt do Doradcy Kredytowego Tel.793 554 970  Samoch\u00f3d mo\u017cna zobaczy\u0107 pod adresem: 41-711 Ruda \u015al\u0105ska ul. Edmunda Kokota 262  Przed przyjazdem prosz\u0119 o kontakt telefoniczny Tel. 604 129 478","og_url":"https:\/\/www.autoskup-zorex.pl\/index.php\/produkt\/volkswagen-passat\/","og_site_name":"autoskup-zorex","article_modified_time":"2025-03-18T07:33:27+00:00","og_image":[{"width":2000,"height":1500,"url":"https:\/\/www.autoskup-zorex.pl\/wp-content\/uploads\/2025\/03\/IMG-20241125-WA0009.jpg","type":"image\/jpeg"}],"twitter_card":"summary_large_image","schema":{"@context":"https:\/\/schema.org","@graph":[{"@type":"WebSite","@id":"https:\/\/www.autoskup-zorex.pl\/#website","url":"https:\/\/www.autoskup-zorex.pl\/","name":"autoskup-zorex","description":"Skup samochod\u00f3w za got\u00f3wk\u0119. Odkupimy auta ka\u017cdej marki za atrakcyjn\u0105 cen\u0119.","potentialAction":[{"@type":"SearchAction","target":{"@type":"EntryPoint","urlTemplate":"https:\/\/www.autoskup-zorex.pl\/?s={search_term_string}"},"query-input":"required name=search_term_string"}],"inLanguage":"pl-PL"},{"@type":"ImageObject","@id":"https:\/\/www.autoskup-zorex.pl\/index.php\/produkt\/volkswagen-passat\/#primaryimage","inLanguage":"pl-PL","url":"https:\/\/www.autoskup-zorex.pl\/wp-content\/uploads\/2025\/03\/IMG-20241125-WA0009.jpg","contentUrl":"https:\/\/www.autoskup-zorex.pl\/wp-content\/uploads\/2025\/03\/IMG-20241125-WA0009.jpg","width":2000,"height":1500},{"@type":"WebPage","@id":"https:\/\/www.autoskup-zorex.pl\/index.php\/produkt\/volkswagen-passat\/#webpage","url":"https:\/\/www.autoskup-zorex.pl\/index.php\/produkt\/volkswagen-passat\/","name":"Volkswagen Passat - autoskup-zorex","isPartOf":{"@id":"https:\/\/www.autoskup-zorex.pl\/#website"},"primaryImageOfPage":{"@id":"https:\/\/www.autoskup-zorex.pl\/index.php\/produkt\/volkswagen-passat\/#primaryimage"},"datePublished":"2025-03-10T11:38:20+00:00","dateModified":"2025-03-18T07:33:27+00:00","breadcrumb":{"@id":"https:\/\/www.autoskup-zorex.pl\/index.php\/produkt\/volkswagen-passat\/#breadcrumb"},"inLanguage":"pl-PL","potentialAction":[{"@type":"ReadAction","target":["https:\/\/www.autoskup-zorex.pl\/index.php\/produkt\/volkswagen-passat\/"]}]},{"@type":"BreadcrumbList","@id":"https:\/\/www.autoskup-zorex.pl\/index.php\/produkt\/volkswagen-passat\/#breadcrumb","itemListElement":[{"@type":"ListItem","position":1,"name":"Home","item":"https:\/\/www.autoskup-zorex.pl\/"},{"@type":"ListItem","position":2,"name":"Sprzeda\u017c pojazd\u00f3w","item":"https:\/\/www.autoskup-zorex.pl\/index.php\/sprzedaz-pojazdow\/"},{"@type":"ListItem","position":3,"name":"Volkswagen Passat"}]}]}},"_links":{"self":[{"href":"https:\/\/www.autoskup-zorex.pl\/index.php\/wp-json\/wp\/v2\/product\/4193"}],"collection":[{"href":"https:\/\/www.autoskup-zorex.pl\/index.php\/wp-json\/wp\/v2\/product"}],"about":[{"href":"https:\/\/www.autoskup-zorex.pl\/index.php\/wp-json\/wp\/v2\/types\/product"}],"wp:featuredmedia":[{"embeddable":true,"href":"https:\/\/www.autoskup-zorex.pl\/index.php\/wp-json\/wp\/v2\/media\/4194"}],"wp:attachment":[{"href":"https:\/\/www.autoskup-zorex.pl\/index.php\/wp-json\/wp\/v2\/media?parent=4193"}],"wp:term":[{"taxonomy":"product_cat","embeddable":true,"href":"https:\/\/www.autoskup-zorex.pl\/index.php\/wp-json\/wp\/v2\/product_cat?post=4193"},{"taxonomy":"product_tag","embeddable":true,"href":"https:\/\/www.autoskup-zorex.pl\/index.php\/wp-json\/wp\/v2\/product_tag?post=4193"}],"curies":[{"name":"wp","href":"https:\/\/api.w.org\/{rel}","templated":true}]}}